{"id":9283,"date":"2025-04-10T18:03:25","date_gmt":"2025-04-10T22:03:25","guid":{"rendered":"https:\/\/flosolutions.com\/?page_id=9756"},"modified":"2025-10-10T19:54:25","modified_gmt":"2025-10-11T00:54:25","slug":"empleos","status":"publish","type":"page","link":"https:\/\/flosolutions.com\/es\/empleos\/","title":{"rendered":"Empleos"},"content":{"rendered":"<section class=\"l-section wpb_row height_medium\"><div class=\"l-section-h i-cf\"><div class=\"g-cols vc_row via_grid cols_1-3 laptops-cols_inherit tablets-cols_inherit mobiles-cols_1 valign_top type_default stacking_default\"><div class=\"wpb_column vc_column_container type_sticky\"><div class=\"vc_column-inner\"><form class=\"w-filter for_list state_desktop us-field-style_1 layout_ver items_3 mod_default align_none elm_index_1 change_url_params scroll_to_list\" action style=\"--items-gap:1.5em;\" onsubmit=\"return false;\" onclick='return {&quot;mobileWidth&quot;:600}'><div class=\"w-filter-list\"><div class=\"w-filter-list-title\">Filtros<\/div><button class=\"w-filter-list-closer\" type=\"button\" title=\"Cerrar\" aria-label=\"Cerrar\"><\/button><div class=\"w-filter-item number_1 type_checkbox\" data-name=\"work_modality\"><div class=\"w-filter-item-title\">Modalidad de Trabajo<\/div><a class=\"w-filter-item-reset\" href=\"#\" title=\"Reiniciar\"><span>Reiniciar<\/span><\/a><div class=\"w-filter-item-content\"><div class=\"w-filter-item-values\"><div class=\"w-filter-item-value\" data-value=\"on-site\"><label><input type=\"checkbox\" value=\"on-site\" name=\"work_modality\"><span class=\"w-filter-item-value-label\">Presencial<\/span><\/label><\/div><div class=\"w-filter-item-value\" data-value=\"remote\"><label><input type=\"checkbox\" value=\"remote\" name=\"work_modality\"><span class=\"w-filter-item-value-label\">Remoto<\/span><\/label><\/div><div class=\"w-filter-item-value\" data-value=\"hybrid\"><label><input type=\"checkbox\" value=\"hybrid\" name=\"work_modality\"><span class=\"w-filter-item-value-label\">H\u00edbrido<\/span><\/label><\/div><\/div><\/div><\/div><div class=\"w-filter-item number_2 type_checkbox\" data-name=\"site\"><div class=\"w-filter-item-title\">Sede<\/div><a class=\"w-filter-item-reset\" href=\"#\" title=\"Reiniciar\"><span>Reiniciar<\/span><\/a><div class=\"w-filter-item-content\"><div class=\"w-filter-item-values\"><div class=\"w-filter-item-value\" data-value=\"FloSolutions Per\u00fa\"><label><input type=\"checkbox\" value=\"FloSolutions%20Per%C3%BA\" name=\"site\"><span class=\"w-filter-item-value-label\">FloSolutions Per\u00fa<\/span><\/label><\/div><\/div><\/div><\/div><div class=\"w-filter-item number_3 type_range_slider\" data-name=\"positions\" data-value-compare=\"between\"><div class=\"w-filter-item-title\">Vacantes<\/div><a class=\"w-filter-item-reset\" href=\"#\" title=\"Reiniciar\"><span>Reiniciar<\/span><\/a><div class=\"w-filter-item-content\"><div class=\"w-filter-item-values\"><input type=\"hidden\" name=\"positions\" min=\"1\" max=\"1\" value><div class=\"ui-slider\" onclick='return {&quot;slider&quot;:{&quot;min&quot;:1,&quot;max&quot;:1,&quot;step&quot;:1,&quot;values&quot;:[]}}'><div class=\"ui-slider-handle\" title=\"M\u00edn\"><\/div><div class=\"ui-slider-handle\" title=\"M\u00e1x\"><\/div><\/div><div class=\"w-filter-item-slider-result\"><div class=\"for_min_value\">1<\/div><div class=\"for_max_value\">1<\/div><\/div><\/div><\/div><\/div><\/div><div class=\"w-filter-list-panel\"><button class=\"w-btn w-filter-button-submit us-btn-style_1\" type=\"button\"><span class=\"w-btn-label\">Aplicar<\/span><\/button><\/div><style>@media( max-width:600px ){.w-filter.state_desktop.elm_index_1 .w-filter-list,.w-filter.elm_index_1 .w-filter-item-title>span{display:none!important}.w-filter.elm_index_1 .w-filter-opener{display:inline-block}}<\/style><button class=\"w-filter-opener\" type=\"button\" style=\"--badge-bg-color:#ffffff;--badge-color:black;\"><span>Filtros<\/span><\/button><\/form><\/div><\/div><div class=\"wpb_column vc_column_container\"><div class=\"vc_column-inner\"><div class=\"w-search for_list layout_simple us-field-style_1 us_custom_6b74764c iconpos_right live_search change_url_params\"><form class=\"w-form-row for_text\" role=\"search\" method=\"get\"><div class=\"w-form-row-field\"><input aria-label=\"Buscar\" name=\"list_search\" placeholder=\"Buscar\" type=\"text\" value\/><\/div><button class=\"w-search-reset\" type=\"button\" aria-label=\"Reset\"><\/button><button aria-label=\"Buscar\" class=\"w-search-form-btn w-btn\" type=\"submit\" style=\"--icon-size:18px;\"><i class=\"fas fa-search\"><\/i><\/button><\/form><div class=\"w-search-message hidden\"><\/div><\/div><div class=\"w-separator size_medium\"><\/div><div class=\"w-grid us_post_list type_grid layout_9282 cols_1 pagination_numbered preload_style_spinner\" id=\"us_post_list_a985\" style=\"--columns:1;--gap:1.5rem;\"><style>.layout_9282 .w-grid-item-h{box-shadow:0 0rem 0rem rgba(0,0,0,0.1),0 0rem 0rem rgba(0,0,0,0.1);transition-duration:0.3s}.no-touch .layout_9282 .w-grid-item-h:hover{box-shadow:0 0.1rem 0.2rem rgba(0,0,0,0.1),0 0.33rem 1rem rgba(0,0,0,0.15);z-index:4}.layout_9282 .usg_hwrapper_1{border-color:var(--color-content-border)!important;padding:1.5rem!important;border-style:solid!important;background:var(--color-content-bg)!important;border-width:0 1px 1px 1px!important}.layout_9282 .usg_vwrapper_1{width:80%!important;padding-left:3%!important;padding-right:3%!important}.layout_9282 .usg_post_title_1{font-size:1.5rem!important;line-height:1.2!important}.layout_9282 .usg_post_content_1{font-size:0.9rem!important}.layout_9282 .usg_vwrapper_2{width:20%!important}@media (min-width:1025px) and (max-width:1280px){.layout_9282 .usg_vwrapper_1{width:80%!important;padding-left:3%!important;padding-right:3%!important}}@media (min-width:601px) and (max-width:1024px){.layout_9282 .usg_vwrapper_1{width:80%!important;padding-left:3%!important;padding-right:3%!important}}@media (max-width:600px){.layout_9282 .usg_vwrapper_1{width:100%!important;padding:1rem 0 1rem 0!important}.layout_9282 .usg_vwrapper_2{width:100%!important}}<\/style><div class=\"w-grid-list\">\t<article class=\"w-grid-item size_1x1 post-9302 jobs type-jobs status-publish hentry\" data-id=\"9302\">\r\n\t\t<div class=\"w-grid-item-h\">\r\n\t\t\t\t\t\t<div class=\"w-hwrapper usg_hwrapper_1 align_none valign_middle wrap\" style=\"--hwrapper-gap:0rem\"><div class=\"w-vwrapper usg_vwrapper_1 align_none valign_top has-link\"><h2 class=\"w-post-elm post_title usg_post_title_1 entry-title color_link_inherit\"><a href=\"https:\/\/flosolutions.com\/es\/jobs\/asistente-de-aguas-superficiales\/\">Asistente de Aguas Superficiales<\/a><\/h2><div class=\"w-post-elm post_content usg_post_content_1\">Funciones principales: Apoyar a los ingenieros del departamento de Aguas Superficiales en la elaboraci\u00f3n de estudios hidrol\u00f3gicos, dise\u00f1os hidr\u00e1ulicos, modelos hidr\u00e1ulicos y sedimentol\u00f3gicos, entre otros. Apoyar a los ingenieros del departamento de Aguas Superficiales en la elaboraci\u00f3n\u00a0de modelos de balance&hellip;<\/div><div class=\"w-hwrapper usg_hwrapper_2 align_none valign_middle\" style=\"--hwrapper-gap:2rem\"><div class=\"w-post-elm post_custom_field usg_post_custom_field_3 type_text site color_link_inherit\"><i class=\"fas fa-building\"><\/i><span class=\"w-post-elm-value\">FloSolutions Per\u00fa<\/span><\/div><div class=\"w-post-elm post_custom_field usg_post_custom_field_2 type_text location color_link_inherit\"><i class=\"fas fa-map-marker-alt\"><\/i><span class=\"w-post-elm-value\">Lima, Per\u00fa<\/span><\/div><\/div><a href=\"https:\/\/flosolutions.com\/es\/jobs\/asistente-de-aguas-superficiales\/\" class=\"w-vwrapper-link smooth-scroll\" aria-label=\"Enlace\"><\/a><\/div><div class=\"w-vwrapper usg_vwrapper_2 align_none valign_middle\"><a class=\"w-btn us-btn-style_11 usg_btn_1 icon_atleft\" href=\"https:\/\/flosolutions.com\/es\/jobs\/asistente-de-aguas-superficiales\/\"><i class=\"fas fa-plus\"><\/i><span class=\"w-btn-label\">Info<\/span><\/a><\/div><\/div>\t\t<\/div>\r\n\t\t\t<\/article>\r\n\t<article class=\"w-grid-item size_1x1 post-9274 jobs type-jobs status-publish hentry\" data-id=\"9274\">\r\n\t\t<div class=\"w-grid-item-h\">\r\n\t\t\t\t\t\t<div class=\"w-hwrapper usg_hwrapper_1 align_none valign_middle wrap\" style=\"--hwrapper-gap:0rem\"><div class=\"w-vwrapper usg_vwrapper_1 align_none valign_top has-link\"><h2 class=\"w-post-elm post_title usg_post_title_1 entry-title color_link_inherit\"><a href=\"https:\/\/flosolutions.com\/es\/jobs\/ingeniero-de-aguas-superficiales-junior-ii\/\">Ingeniero de Aguas Superficiales \u2013 Junior II<\/a><\/h2><div class=\"w-post-elm post_content usg_post_content_1\">En FloSolutions, seguimos creciendo y estamos en la b\u00fasqueda de un(a) Ingeniero(a) de Aguas Superficiales \u2013 Nivel Junior II para unirse a nuestro equipo. Si te apasionan los recursos h\u00eddricos y quieres desarrollarte en proyectos mineros de alto nivel, esta&hellip;<\/div><div class=\"w-hwrapper usg_hwrapper_2 align_none valign_middle\" style=\"--hwrapper-gap:2rem\"><div class=\"w-post-elm post_custom_field usg_post_custom_field_3 type_text site color_link_inherit\"><i class=\"fas fa-building\"><\/i><span class=\"w-post-elm-value\">FloSolutions Per\u00fa<\/span><\/div><div class=\"w-post-elm post_custom_field usg_post_custom_field_2 type_text location color_link_inherit\"><i class=\"fas fa-map-marker-alt\"><\/i><span class=\"w-post-elm-value\">Lima, Per\u00fa<\/span><\/div><\/div><a href=\"https:\/\/flosolutions.com\/es\/jobs\/ingeniero-de-aguas-superficiales-junior-ii\/\" class=\"w-vwrapper-link smooth-scroll\" aria-label=\"Enlace\"><\/a><\/div><div class=\"w-vwrapper usg_vwrapper_2 align_none valign_middle\"><a class=\"w-btn us-btn-style_11 usg_btn_1 icon_atleft\" href=\"https:\/\/flosolutions.com\/es\/jobs\/ingeniero-de-aguas-superficiales-junior-ii\/\"><i class=\"fas fa-plus\"><\/i><span class=\"w-btn-label\">Info<\/span><\/a><\/div><\/div>\t\t<\/div>\r\n\t\t\t<\/article>\r\n<\/div><div class=\"g-loadmore hidden\"><div class=\"g-preloader type_1\"><div><\/div><\/div><\/div><div class=\"w-grid-list-json hidden\" onclick='return {&quot;max_num_pages&quot;:1,&quot;paginationBase&quot;:&quot;page&quot;,&quot;pagination&quot;:&quot;numbered&quot;,&quot;paged&quot;:1,&quot;ajaxData&quot;:{&quot;action&quot;:&quot;us_ajax_post_list&quot;,&quot;meta_type&quot;:&quot;post&quot;,&quot;object_id&quot;:0,&quot;template_vars&quot;:{&quot;shortcode_base&quot;:&quot;us_post_list&quot;,&quot;paged&quot;:1,&quot;max_num_pages&quot;:1,&quot;no_results&quot;:false,&quot;us_post_content_design_css&quot;:[],&quot;found_posts&quot;:2,&quot;per_page&quot;:12,&quot;items_count&quot;:2,&quot;orderby_random_seed&quot;:null,&quot;source&quot;:&quot;all&quot;,&quot;custom_field_name&quot;:&quot;&quot;,&quot;ids&quot;:&quot;&quot;,&quot;post_type&quot;:&quot;jobs&quot;,&quot;attachment_ids&quot;:null,&quot;include_post_thumbnail&quot;:0,&quot;post_author&quot;:&quot;any&quot;,&quot;post_author_ids&quot;:&quot;&quot;,&quot;apply_url_params&quot;:0,&quot;ignore_sticky_posts&quot;:1,&quot;exclude_children&quot;:0,&quot;exclude_current_post&quot;:1,&quot;exclude_prev_posts&quot;:0,&quot;exclude_past_events&quot;:0,&quot;enable_items_offset&quot;:0,&quot;items_offset&quot;:&quot;1&quot;,&quot;tax_query_relation&quot;:&quot;none&quot;,&quot;tax_query&quot;:[{&quot;operator&quot;:&quot;IN&quot;,&quot;taxonomy&quot;:&quot;category&quot;,&quot;terms&quot;:&quot;&quot;,&quot;include_children&quot;:0}],&quot;meta_query_relation&quot;:&quot;none&quot;,&quot;meta_query&quot;:[{&quot;key&quot;:&quot;custom_field_name&quot;,&quot;compare&quot;:&quot;=&quot;,&quot;value&quot;:&quot;&quot;}],&quot;orderby&quot;:&quot;modified&quot;,&quot;orderby_custom_field&quot;:&quot;&quot;,&quot;orderby_custom_type&quot;:0,&quot;order_invert&quot;:&quot;1&quot;,&quot;show_all&quot;:0,&quot;quantity&quot;:&quot;12&quot;,&quot;posts_per_archive_page&quot;:0,&quot;no_items_action&quot;:&quot;message&quot;,&quot;no_items_message&quot;:&quot;No se han encontrado resultados.&quot;,&quot;no_items_page_block&quot;:&quot;&quot;,&quot;pagination&quot;:&quot;numbered&quot;,&quot;pagination_style&quot;:&quot;&quot;,&quot;pagination_btn_text&quot;:&quot;Cargar m\\u00e1s&quot;,&quot;pagination_btn_size&quot;:&quot;&quot;,&quot;pagination_btn_style&quot;:&quot;1&quot;,&quot;pagination_btn_fullwidth&quot;:0,&quot;items_layout&quot;:&quot;9282&quot;,&quot;type&quot;:&quot;grid&quot;,&quot;items_valign&quot;:0,&quot;ignore_items_size&quot;:0,&quot;columns&quot;:&quot;1&quot;,&quot;items_gap&quot;:&quot;1.5rem&quot;,&quot;load_animation&quot;:&quot;none&quot;,&quot;items_preload_style&quot;:&quot;spinner&quot;,&quot;img_size&quot;:&quot;default&quot;,&quot;title_size&quot;:&quot;&quot;,&quot;items_ratio&quot;:&quot;default&quot;,&quot;items_ratio_width&quot;:&quot;21&quot;,&quot;items_ratio_height&quot;:&quot;9&quot;,&quot;overriding_link&quot;:&quot;{\\&quot;url\\&quot;:\\&quot;\\&quot;}&quot;,&quot;popup_page_template&quot;:&quot;0&quot;,&quot;popup_width&quot;:&quot;&quot;,&quot;popup_arrows&quot;:1,&quot;breakpoint_1_width&quot;:&quot;1281px&quot;,&quot;breakpoint_1_cols&quot;:&quot;default&quot;,&quot;breakpoint_1_quantity&quot;:&quot;&quot;,&quot;breakpoint_1_gap&quot;:&quot;&quot;,&quot;breakpoint_2_width&quot;:&quot;1025px&quot;,&quot;breakpoint_2_cols&quot;:&quot;2&quot;,&quot;breakpoint_2_quantity&quot;:&quot;&quot;,&quot;breakpoint_2_gap&quot;:&quot;&quot;,&quot;breakpoint_3_width&quot;:&quot;601px&quot;,&quot;breakpoint_3_cols&quot;:&quot;1&quot;,&quot;breakpoint_3_quantity&quot;:&quot;&quot;,&quot;breakpoint_3_gap&quot;:&quot;&quot;,&quot;conditions_operator&quot;:&quot;always&quot;,&quot;conditions&quot;:[],&quot;css&quot;:null,&quot;el_class&quot;:&quot;&quot;,&quot;el_id&quot;:&quot;&quot;,&quot;enable_custom_html_atts&quot;:0,&quot;custom_html_atts&quot;:null,&quot;hide_on_states&quot;:&quot;&quot;,&quot;hide_for_sticky&quot;:0,&quot;hide_for_not_sticky&quot;:0,&quot;hide_below&quot;:&quot;0px&quot;,&quot;hide_above&quot;:&quot;0px&quot;,&quot;classes&quot;:&quot;&quot;},&quot;found_posts&quot;:2,&quot;per_page&quot;:12},&quot;facetedFilter&quot;:[]}'><\/div><\/div><\/div><\/div><\/div><\/div><\/section>\n","protected":false},"excerpt":{"rendered":"En FloSolutions, seguimos creciendo y estamos en la b\u00fasqueda de un(a) Ingeniero(a) de Aguas Superficiales \u2013 Nivel Junior II para unirse a nuestro equipo. Si te apasionan los recursos h\u00eddricos y quieres desarrollarte en proyectos mineros de alto nivel, esta es tu oportunidad. \ud83d\udd39 Requisitos: Ingeniero(a) Civil, Agr\u00edcola, Hidr\u00e1ulico o Mec\u00e1nico de Fluidos titulado(a), colegiado(a)...","protected":false},"author":1,"featured_media":0,"parent":0,"menu_order":0,"comment_status":"closed","ping_status":"closed","template":"","meta":{"_acf_changed":false,"footnotes":""},"class_list":["post-9283","page","type-page","status-publish","hentry"],"acf":[],"_links":{"self":[{"href":"https:\/\/flosolutions.com\/es\/wp-json\/wp\/v2\/pages\/9283","targetHints":{"allow":["GET"]}}],"collection":[{"href":"https:\/\/flosolutions.com\/es\/wp-json\/wp\/v2\/pages"}],"about":[{"href":"https:\/\/flosolutions.com\/es\/wp-json\/wp\/v2\/types\/page"}],"author":[{"embeddable":true,"href":"https:\/\/flosolutions.com\/es\/wp-json\/wp\/v2\/users\/1"}],"replies":[{"embeddable":true,"href":"https:\/\/flosolutions.com\/es\/wp-json\/wp\/v2\/comments?post=9283"}],"version-history":[{"count":2,"href":"https:\/\/flosolutions.com\/es\/wp-json\/wp\/v2\/pages\/9283\/revisions"}],"predecessor-version":[{"id":9286,"href":"https:\/\/flosolutions.com\/es\/wp-json\/wp\/v2\/pages\/9283\/revisions\/9286"}],"wp:attachment":[{"href":"https:\/\/flosolutions.com\/es\/wp-json\/wp\/v2\/media?parent=9283"}],"curies":[{"name":"wp","href":"https:\/\/api.w.org\/{rel}","templated":true}]}}