{"id":7950,"date":"2020-04-15T16:08:55","date_gmt":"2020-04-15T21:08:55","guid":{"rendered":"https:\/\/www.flosolutions.com\/?page_id=7950"},"modified":"2026-02-14T00:43:16","modified_gmt":"2026-02-14T05:43:16","slug":"contacto","status":"publish","type":"page","link":"https:\/\/flosolutions.com\/es\/contacto\/","title":{"rendered":"Contacto"},"content":{"rendered":"<section class=\"l-section wpb_row height_medium\"><div class=\"l-section-h i-cf\"><div class=\"g-cols vc_row via_grid cols_1 laptops-cols_inherit tablets-cols_inherit mobiles-cols_1 valign_top type_default stacking_default\"><div class=\"wpb_column vc_column_container\"><div class=\"vc_column-inner\"><div class=\"w-vwrapper align_center valign_middle\"><div class=\"w-text us_custom_1d65c364 has_text_color\"><span class=\"w-text-h\"><span class=\"w-text-value\">Encu\u00e9ntranos<\/span><\/span><\/div><h1 class=\"w-text us_custom_d0068e48\"><span class=\"w-text-h\"><span class=\"w-text-value\">Ubicaci\u00f3n<br \/>\nde Oficinas<\/span><\/span><\/h1><\/div><\/div><\/div><\/div><\/div><\/section><section class=\"l-section wpb_row height_auto width_full\"><div class=\"l-section-h i-cf\"><div class=\"g-cols vc_row via_grid cols_1 laptops-cols_inherit tablets-cols_inherit mobiles-cols_1 valign_top type_default stacking_default\"><div class=\"wpb_column vc_column_container\"><div class=\"vc_column-inner\"><div class=\"w-tabs layout_hor style_trendy switch_click has_scrolling\" style=\"--sections-title-size:1.2rem\"><div class=\"w-tabs-list items_1 align_justify\" style=\"font-family:var(--h1-font-family);font-weight:700;\"><div class=\"w-tabs-list-h\"><button class=\"w-tabs-item active\" aria-controls=\"content-x976\" aria-expanded=\"false\"><span class=\"w-tabs-item-title\">PER\u00da<\/span><\/button><\/div><\/div><div class=\"w-tabs-sections titles-align_none icon_chevron cpos_right\"><div class=\"w-tabs-section active\" id=\"x976\"><button class=\"w-tabs-section-header active\" aria-controls=\"content-x976\" aria-expanded=\"true\"><div class=\"w-tabs-section-title\">PER\u00da<\/div><div class=\"w-tabs-section-control\"><\/div><\/button><div  class=\"w-tabs-section-content\" id=\"content-x976\"><div class=\"w-tabs-section-content-h i-cf\"><div class=\"g-cols wpb_row via_grid cols_2 laptops-cols_inherit tablets-cols_inherit mobiles-cols_1 valign_middle type_default stacking_default\" style=\"--columns-gap:3rem;\"><div class=\"wpb_column vc_column_container\"><div class=\"vc_column-inner\"><div class=\"wpb_text_column us_custom_76a6d9f5\"><div class=\"wpb_wrapper\"><h4>OFICINA EN PER\u00da<\/h4>\n<\/div><\/div><div class=\"w-separator size_medium\"><\/div><div class=\"w-iconbox iconpos_left style_default color_contrast align_left no_text\"><a target=\"_blank\" rel=\"nofollow\" href=\"https:\/\/goo.gl\/maps\/yxFuShHKrLTfbxaP7\" class=\"w-iconbox-link\" aria-label=\"Avenida Jos\u00e9 Pardo 434, Oficina 701, Miraflores, Lima &#8211; Per\u00fa\"><div class=\"w-iconbox-icon\" style=\"font-size:1.5rem;\"><i class=\"far fa-map-marker-alt\"><\/i><\/div><\/a><div class=\"w-iconbox-meta\"><h6 class=\"w-iconbox-title\"><a target=\"_blank\" rel=\"nofollow\" href=\"https:\/\/goo.gl\/maps\/yxFuShHKrLTfbxaP7\" class=\"w-iconbox-link\" aria-label=\"Avenida Jos\u00e9 Pardo 434, Oficina 701, Miraflores, Lima &#8211; Per\u00fa\">Avenida Jos\u00e9 Pardo 434, Oficina 701, Miraflores, Lima &#8211; Per\u00fa<\/a><\/h6><\/div><\/div><div class=\"w-separator size_medium\"><\/div><section class=\"l-section wpb_row height_auto\"><div class=\"l-section-h i-cf\"><div class=\"g-cols vc_row via_grid cols_2 laptops-cols_inherit tablets-cols_inherit mobiles-cols_1 valign_top type_default stacking_default\"><div class=\"wpb_column vc_column_container\"><div class=\"vc_column-inner\"><div class=\"w-iconbox us_custom_ead8aed8 has_text_color iconpos_top style_default color_light align_center\"><div class=\"w-iconbox-icon\" style=\"font-size:2rem;\"><i class=\"far fa-user-tie\"><\/i><\/div><div class=\"w-iconbox-meta\"><h4 class=\"w-iconbox-title\">David Evans<\/h4><div class=\"w-iconbox-text\"><p><span style=\"color: #1a1a1a;\">CEO \/ Gerente General<\/span><br \/><span style=\"color: #1a1a1a;\"><i class=\"far fa-envelope\"><\/i><a style=\"color: #1a1a1a;\" href=\"mailto:devans@flosolutions.com\"> devans@flosolutions.com<\/a><\/span><br \/><span style=\"color: #1a1a1a;\"><i class=\"far fa-phone\"><\/i><a style=\"color: #1a1a1a;\" href=\"tel:51945382027\">\u00a051-945 382 027<\/a><\/span><\/p>\n<\/div><\/div><\/div><\/div><\/div><div class=\"wpb_column vc_column_container\"><div class=\"vc_column-inner\"><div class=\"w-iconbox us_custom_ead8aed8 has_text_color iconpos_top style_default color_light align_center\"><div class=\"w-iconbox-icon\" style=\"font-size:2rem;\"><i class=\"far fa-user-tie\"><\/i><\/div><div class=\"w-iconbox-meta\"><h4 class=\"w-iconbox-title\">Ra\u00fal Ortiz<\/h4><div class=\"w-iconbox-text\"><p><span style=\"color: #1a1a1a;\">COO \/ Gerente de Operaciones<\/span><br \/><span style=\"color: #1a1a1a;\"><i class=\"far fa-envelope\"><\/i><a style=\"color: #1a1a1a;\" href=\"mailto:rortiz@flosolutions.com\">\u00a0rortiz@flosolutions.com<\/a><\/span><br \/><span style=\"color: #1a1a1a;\"><i class=\"far fa-phone\"><\/i><a style=\"color: #1a1a1a;\" href=\"tel:511988877820\">\u00a051-1-988 877 820<\/a><\/span><\/p>\n<\/div><\/div><\/div><\/div><\/div><\/div><\/div><\/section>\n<\/div><\/div><div class=\"wpb_column vc_column_container\"><div class=\"vc_column-inner\">\n            <div \n                class=\"elfsight-widget-google-maps elfsight-widget\" \n                data-elfsight-google-maps-options=\"%7B%22categoriesEnabled%22%3Afalse%2C%22categories%22%3A%5B%5D%2C%22icons%22%3A%5B%5D%2C%22lang%22%3A%22en%22%2C%22distanceUnits%22%3A%22mi%22%2C%22markers%22%3A%5B%7B%22position%22%3A%22-12.118654132450413%2C%20-77.03308667382984%22%2C%22coordinates%22%3A%22-12.118654132450413%2C%20-77.03308667382984%22%2C%22icon%22%3A%22%22%2C%22iconUrl%22%3A%22%22%2C%22infoWindow%22%3Atrue%2C%22infoTitle%22%3A%22FloSolutions%20SAC%22%2C%22infoDescription%22%3A%22%22%2C%22infoImage%22%3Anull%2C%22infoAddress%22%3A%22Avenida%20Jos%5Cu00e9%20Pardo%20434%2C%20Oficina%20701%2C%20Miraflores%2C%20Lima%20%5Cu2013%20Per%5Cu00fa.%22%2C%22infoSite%22%3A%22%22%2C%22infoPhone%22%3A%22%22%2C%22infoEmail%22%3A%22%22%2C%22infoWorkingHours%22%3A%22%22%2C%22infoWindowOpenedByDefault%22%3Atrue%2C%22markerClickAction%22%3A%22none%22%2C%22animation%22%3A%22none%22%2C%22linkUrl%22%3A%22%22%2C%22category%22%3A%22%22%7D%5D%2C%22mapType%22%3A%22roadmap%22%2C%22center%22%3A%22auto%22%2C%22zoom%22%3A%22auto%22%2C%22controls%22%3A%5B%22zoom%22%2C%22mapType%22%2C%22scale%22%2C%22streetView%22%2C%22rotate%22%2C%22fullScreen%22%5D%2C%22markerClusterEnabled%22%3Atrue%2C%22markerClusterZoom%22%3Atrue%2C%22markerClusterMin%22%3A2%2C%22markerClusterIcon%22%3A%22default%22%2C%22markerClusterIconColor%22%3A%22%22%2C%22markerClusterIconUrl%22%3Anull%2C%22markerClusterSize%22%3A52%2C%22infoDirections%22%3Afalse%2C%22directionsTarget%22%3A%22inline%22%2C%22scrollwheel%22%3Atrue%2C%22draggable%22%3Atrue%2C%22layers%22%3A%5B%5D%2C%22width%22%3A%22auto%22%2C%22height%22%3A%22480%22%2C%22panelEnabled%22%3Afalse%2C%22panelOpenByDefault%22%3Atrue%2C%22panelSearchVisible%22%3Atrue%2C%22panelSearchBy%22%3A%22markers%22%2C%22panelSearchPlaceholder%22%3A%22%22%2C%22panelListItemElements%22%3A%5B%22title%22%2C%22category%22%2C%22image%22%2C%22address%22%2C%22phone%22%2C%22workingHours%22%5D%2C%22mainColor%22%3A%22rgb%2866%2C%20133%2C%20244%29%22%2C%22style%22%3A%22default%22%2C%22colorGeometry%22%3A%22%22%2C%22colorLabelsTextFill%22%3A%22%22%2C%22colorLabelsTextStroke%22%3A%22%22%2C%22colorAdministrativeGeometryStroke%22%3A%22%22%2C%22colorAdministrativeLandParcel%22%3A%22%22%2C%22colorLandscapeNaturalGeometry%22%3A%22%22%2C%22colorPoiGeometry%22%3A%22%22%2C%22colorPoiLabelsTextFill%22%3A%22%22%2C%22colorPoiParkGeometryFill%22%3A%22%22%2C%22colorPoiParkLabelsTextFill%22%3A%22%22%2C%22colorRoadGeometry%22%3A%22%22%2C%22colorRoadArterial%22%3A%22%22%2C%22colorRoadHighway%22%3A%22%22%2C%22colorRoadHighwayGeometryStroke%22%3A%22%22%2C%22colorRoadHighwayControlledAccessGeometry%22%3A%22%22%2C%22colorRoadHighwayControlledAccessGeometryStroke%22%3A%22%22%2C%22colorRoadLocalLabelsTextFill%22%3A%22%22%2C%22colorTransitLineGeometry%22%3A%22%22%2C%22colorTransitLineLabelsTextFill%22%3A%22%22%2C%22colorTransitLineLabelsTextStroke%22%3A%22%22%2C%22colorTransitStationGeometry%22%3A%22%22%2C%22colorWaterGeometryFill%22%3A%22%22%2C%22colorWaterLabelTextFill%22%3A%22%22%2C%22customGoogleMapsStyles%22%3A%22%22%2C%22apiKey%22%3A%22AIzaSyBKZiuiIB6A5MGwos_xzxbb7LjOfVOEJm8%22%2C%22widgetId%22%3A%222%22%7D\" \n                data-elfsight-google-maps-version=\"2.4.2\"\n                data-elfsight-widget-id=\"elfsight-google-maps-2\">\n            <\/div>\n            <\/div><\/div><\/div><\/div><\/div><\/div><\/div><\/div><\/div><\/div><\/div><\/div><\/section>\n","protected":false},"excerpt":{"rendered":"Encu\u00e9ntranosUbicaci\u00f3n de OficinasPER\u00daPER\u00daOFICINA EN PER\u00da Avenida Jos\u00e9 Pardo 434, Oficina 701, Miraflores, Lima &#8211; Per\u00faDavid EvansCEO \/ Gerente General devans@flosolutions.com\u00a051-945 382 027 Ra\u00fal OrtizCOO \/ Gerente de Operaciones\u00a0rortiz@flosolutions.com\u00a051-1-988 877 820","protected":false},"author":1,"featured_media":0,"parent":0,"menu_order":0,"comment_status":"closed","ping_status":"closed","template":"","meta":{"_acf_changed":false,"footnotes":""},"class_list":["post-7950","page","type-page","status-publish","hentry"],"acf":[],"_links":{"self":[{"href":"https:\/\/flosolutions.com\/es\/wp-json\/wp\/v2\/pages\/7950","targetHints":{"allow":["GET"]}}],"collection":[{"href":"https:\/\/flosolutions.com\/es\/wp-json\/wp\/v2\/pages"}],"about":[{"href":"https:\/\/flosolutions.com\/es\/wp-json\/wp\/v2\/types\/page"}],"author":[{"embeddable":true,"href":"https:\/\/flosolutions.com\/es\/wp-json\/wp\/v2\/users\/1"}],"replies":[{"embeddable":true,"href":"https:\/\/flosolutions.com\/es\/wp-json\/wp\/v2\/comments?post=7950"}],"version-history":[{"count":21,"href":"https:\/\/flosolutions.com\/es\/wp-json\/wp\/v2\/pages\/7950\/revisions"}],"predecessor-version":[{"id":9328,"href":"https:\/\/flosolutions.com\/es\/wp-json\/wp\/v2\/pages\/7950\/revisions\/9328"}],"wp:attachment":[{"href":"https:\/\/flosolutions.com\/es\/wp-json\/wp\/v2\/media?parent=7950"}],"curies":[{"name":"wp","href":"https:\/\/api.w.org\/{rel}","templated":true}]}}