{"id":7902,"date":"2020-04-13T08:52:07","date_gmt":"2020-04-13T13:52:07","guid":{"rendered":"https:\/\/www.flosolutions.com\/?page_id=7902"},"modified":"2020-05-31T16:32:17","modified_gmt":"2020-05-31T21:32:17","slug":"noticias-y-anuncios","status":"publish","type":"page","link":"https:\/\/flosolutions.com\/es\/noticias-y-anuncios\/","title":{"rendered":"Noticias y Anuncios"},"content":{"rendered":"<section class=\"l-section wpb_row height_medium width_full\"><div class=\"l-section-h i-cf\"><div class=\"g-cols vc_row via_grid cols_1 laptops-cols_inherit tablets-cols_inherit mobiles-cols_1 valign_top type_default stacking_default\"><div class=\"wpb_column vc_column_container\"><div class=\"vc_column-inner\"><section class=\"l-section wpb_row height_auto\"><div class=\"l-section-h i-cf\"><div class=\"g-cols vc_row via_grid cols_1 laptops-cols_inherit tablets-cols_inherit mobiles-cols_1 valign_top type_default stacking_default\"><div class=\"wpb_column vc_column_container\"><div class=\"vc_column-inner\"><div class=\"w-grid us_grid type_grid layout_8173 cols_3 pagination_ajax overflow_hidden preload_style_spinner\" id=\"us_grid_1\" style=\"--columns:3;--gap:1.5rem;\" data-filterable=\"true\"><style>@media (max-width:1024px){#us_grid_1{--columns:2!important}}@media (max-width:600px){#us_grid_1{--columns:1!important}}.layout_8173 .w-grid-item-h{background:#ffffff;color:#333;box-shadow:0 0.1rem 0.2rem rgba(0,0,0,0.1),0 0.33rem 1rem rgba(0,0,0,0.1);transition-duration:0.3s}.no-touch .layout_8173 .w-grid-item-h:hover{box-shadow:0 0.3rem 0.6rem rgba(0,0,0,0.1),0 1rem 3rem rgba(0,0,0,0.15);z-index:4}.layout_8173 .usg_post_title_1{font-size:1.4rem!important;font-weight:700!important}.layout_8173 .usg_vwrapper_1{padding:9% 11% 11% 11%!important}.layout_8173 .usg_post_taxonomy_1{font-weight:700!important;text-transform:uppercase!important;font-size:10px!important;position:absolute!important;top:1.2rem!important;right:1.2rem!important;left:1.2rem!important}.layout_8173 .usg_hwrapper_1{color:#999!important;font-size:0.9rem!important}@media (max-width:600px){.layout_8173 .usg_post_title_1{font-size:1.2rem!important}}<\/style><div class=\"w-grid-list\">\t<article class=\"w-grid-item size_1x1 post-9319 post type-post status-publish format-standard has-post-thumbnail hentry category-blog\" data-id=\"9319\">\r\n\t\t<div class=\"w-grid-item-h\">\r\n\t\t\t\t\t\t\t<a href=\"https:\/\/flosolutions.com\/es\/flosolutions-es-autor-de-todos-los-capitulos-relacionados-con-el-agua-y-los-riesgos-geologicos-karsticos-del-manual-de-gestion-de-relaves-sme-2022\/\" class=\"w-grid-item-anchor\" aria-label=\"FloSolutions es autor de todos los cap\u00edtulos relacionados con el agua y los riesgos geol\u00f3gicos k\u00e1rsticos del Manual de Gesti\u00f3n de Relaves SME (2022)\"><\/a>\r\n\t\t\t\t\t\t<div class=\"w-post-elm post_image usg_post_image_1 stretched\"><img loading=\"lazy\" decoding=\"async\" width=\"400\" height=\"225\" src=\"https:\/\/flosolutions.com\/es\/wp-content\/uploads\/sites\/3\/2026\/02\/SME-Tailings-Management-Handbook_ES-400x225.jpg\" class=\"attachment-us_400_225_crop size-us_400_225_crop wp-post-image\" alt=\"\" srcset=\"https:\/\/flosolutions.com\/es\/wp-content\/uploads\/sites\/3\/2026\/02\/SME-Tailings-Management-Handbook_ES-400x225.jpg 400w, https:\/\/flosolutions.com\/es\/wp-content\/uploads\/sites\/3\/2026\/02\/SME-Tailings-Management-Handbook_ES-300x169.jpg 300w, https:\/\/flosolutions.com\/es\/wp-content\/uploads\/sites\/3\/2026\/02\/SME-Tailings-Management-Handbook_ES-1024x576.jpg 1024w, https:\/\/flosolutions.com\/es\/wp-content\/uploads\/sites\/3\/2026\/02\/SME-Tailings-Management-Handbook_ES-800x450.jpg 800w, https:\/\/flosolutions.com\/es\/wp-content\/uploads\/sites\/3\/2026\/02\/SME-Tailings-Management-Handbook_ES.jpg 1280w\" sizes=\"auto, (max-width: 400px) 100vw, 400px\" \/><\/div><div class=\"w-post-elm post_taxonomy usg_post_taxonomy_1 style_badge color_link_inherit\"><span class=\"w-btn us-btn-style_badge term-2 term-blog\"><span class=\"w-btn-label\">Blog<\/span><\/span><\/div><div class=\"w-vwrapper usg_vwrapper_1 align_left valign_top\"><h2 class=\"w-post-elm post_title usg_post_title_1 entry-title color_link_inherit\">FloSolutions es autor de todos los cap\u00edtulos relacionados con el agua y los riesgos geol\u00f3gicos k\u00e1rsticos del Manual de Gesti\u00f3n de Relaves SME (2022)<\/h2><div class=\"w-hwrapper usg_hwrapper_1 has_text_color align_left valign_top wrap\"><time class=\"w-post-elm post_date usg_post_date_1 entry-date published\" datetime=\"2026-02-14T00:28:26-05:00\" title=\"14 febrero 2026 a las 00:28:26 America\/Lima\">14 Feb a las 12:28 am<\/time><\/div><div class=\"w-post-elm post_content usg_post_content_1\">FloSolutions se enorgullece de anunciar que nuestro equipo es autor de todos los cap\u00edtulos sobre Gesti\u00f3n del Agua, Hidrogeolog\u00eda, Riesgos&hellip;<\/div><\/div>\t\t<\/div>\r\n\t\t\t<\/article>\r\n\t<article class=\"w-grid-item size_1x1 post-9307 post type-post status-publish format-standard has-post-thumbnail hentry category-blog\" data-id=\"9307\">\r\n\t\t<div class=\"w-grid-item-h\">\r\n\t\t\t\t\t\t\t<a href=\"https:\/\/flosolutions.com\/es\/flosolutions-solidario-frente-al-friaje\/\" class=\"w-grid-item-anchor\" aria-label=\"FloSolutions solidario frente al friaje\"><\/a>\r\n\t\t\t\t\t\t<div class=\"w-post-elm post_image usg_post_image_1 stretched\"><img loading=\"lazy\" decoding=\"async\" width=\"400\" height=\"225\" src=\"https:\/\/flosolutions.com\/es\/wp-content\/uploads\/sites\/3\/2025\/10\/WhatsApp-Image-2025-10-16-at-10.04.52-PM-400x225.jpeg\" class=\"attachment-us_400_225_crop size-us_400_225_crop wp-post-image\" alt=\"\" srcset=\"https:\/\/flosolutions.com\/es\/wp-content\/uploads\/sites\/3\/2025\/10\/WhatsApp-Image-2025-10-16-at-10.04.52-PM-400x225.jpeg 400w, https:\/\/flosolutions.com\/es\/wp-content\/uploads\/sites\/3\/2025\/10\/WhatsApp-Image-2025-10-16-at-10.04.52-PM-800x450.jpeg 800w\" sizes=\"auto, (max-width: 400px) 100vw, 400px\" \/><\/div><div class=\"w-post-elm post_taxonomy usg_post_taxonomy_1 style_badge color_link_inherit\"><span class=\"w-btn us-btn-style_badge term-2 term-blog\"><span class=\"w-btn-label\">Blog<\/span><\/span><\/div><div class=\"w-vwrapper usg_vwrapper_1 align_left valign_top\"><h2 class=\"w-post-elm post_title usg_post_title_1 entry-title color_link_inherit\">FloSolutions solidario frente al friaje<\/h2><div class=\"w-hwrapper usg_hwrapper_1 has_text_color align_left valign_top wrap\"><time class=\"w-post-elm post_date usg_post_date_1 entry-date published\" datetime=\"2025-10-20T18:45:25-05:00\" title=\"20 octubre 2025 a las 18:45:25 America\/Lima\">octubre 20, 2025<\/time><\/div><div class=\"w-post-elm post_content usg_post_content_1\">FloSolutions brinda abrigo a ni\u00f1os de comunidad campesina afectada por el friaje Como parte de nuestro compromiso con el bienestar&hellip;<\/div><\/div>\t\t<\/div>\r\n\t\t\t<\/article>\r\n\t<article class=\"w-grid-item size_1x1 post-9304 post type-post status-publish format-standard has-post-thumbnail hentry category-blog\" data-id=\"9304\">\r\n\t\t<div class=\"w-grid-item-h\">\r\n\t\t\t\t\t\t\t<a href=\"https:\/\/flosolutions.com\/es\/\ud83d\udca7-flosolutions-promueve-la-conciencia-ambiental-en-el-albergue-cruz-blanca-\ud83c\udf31\/\" class=\"w-grid-item-anchor\" aria-label=\"\ud83d\udca7 FloSolutions promueve la conciencia ambiental en el Albergue Cruz Blanca \ud83c\udf31\"><\/a>\r\n\t\t\t\t\t\t<div class=\"w-post-elm post_image usg_post_image_1 stretched\"><img loading=\"lazy\" decoding=\"async\" width=\"400\" height=\"225\" src=\"https:\/\/flosolutions.com\/es\/wp-content\/uploads\/sites\/3\/2025\/10\/WhatsApp-Image-2025-10-03-at-4.35.38-PM-1-400x225.jpeg\" class=\"attachment-us_400_225_crop size-us_400_225_crop wp-post-image\" alt=\"\" srcset=\"https:\/\/flosolutions.com\/es\/wp-content\/uploads\/sites\/3\/2025\/10\/WhatsApp-Image-2025-10-03-at-4.35.38-PM-1-400x225.jpeg 400w, https:\/\/flosolutions.com\/es\/wp-content\/uploads\/sites\/3\/2025\/10\/WhatsApp-Image-2025-10-03-at-4.35.38-PM-1-800x450.jpeg 800w\" sizes=\"auto, (max-width: 400px) 100vw, 400px\" \/><\/div><div class=\"w-post-elm post_taxonomy usg_post_taxonomy_1 style_badge color_link_inherit\"><span class=\"w-btn us-btn-style_badge term-2 term-blog\"><span class=\"w-btn-label\">Blog<\/span><\/span><\/div><div class=\"w-vwrapper usg_vwrapper_1 align_left valign_top\"><h2 class=\"w-post-elm post_title usg_post_title_1 entry-title color_link_inherit\">\ud83d\udca7 FloSolutions promueve la conciencia ambiental en el Albergue Cruz Blanca \ud83c\udf31<\/h2><div class=\"w-hwrapper usg_hwrapper_1 has_text_color align_left valign_top wrap\"><time class=\"w-post-elm post_date usg_post_date_1 entry-date published\" datetime=\"2025-10-17T13:37:07-05:00\" title=\"17 octubre 2025 a las 13:37:07 America\/Lima\">octubre 17, 2025<\/time><\/div><div class=\"w-post-elm post_content usg_post_content_1\">Como parte de nuestro compromiso con la sostenibilidad y la educaci\u00f3n ambiental, el equipo de FloSolutions realiz\u00f3 una visita al&hellip;<\/div><\/div>\t\t<\/div>\r\n\t\t\t<\/article>\r\n\t<article class=\"w-grid-item size_1x1 post-8625 post type-post status-publish format-standard has-post-thumbnail hentry category-blog\" data-id=\"8625\">\r\n\t\t<div class=\"w-grid-item-h\">\r\n\t\t\t\t\t\t\t<a href=\"https:\/\/flosolutions.com\/es\/flosolutions-da-la-bienvenida-a-doug-oliver-hidrogeologo-principal\/\" class=\"w-grid-item-anchor\" aria-label=\"FloSolutions da la bienvenida a Doug Oliver (Hidrog\u00e9ologo Principal)\"><\/a>\r\n\t\t\t\t\t\t<div class=\"w-post-elm post_image usg_post_image_1 stretched\"><img loading=\"lazy\" decoding=\"async\" width=\"400\" height=\"225\" src=\"https:\/\/flosolutions.com\/es\/wp-content\/uploads\/sites\/3\/2020\/05\/Doug-Oliver-Blog-v3-400x225.png\" class=\"attachment-us_400_225_crop size-us_400_225_crop wp-post-image\" alt=\"\" srcset=\"https:\/\/flosolutions.com\/es\/wp-content\/uploads\/sites\/3\/2020\/05\/Doug-Oliver-Blog-v3-400x225.png 400w, https:\/\/flosolutions.com\/es\/wp-content\/uploads\/sites\/3\/2020\/05\/Doug-Oliver-Blog-v3-300x169.png 300w, https:\/\/flosolutions.com\/es\/wp-content\/uploads\/sites\/3\/2020\/05\/Doug-Oliver-Blog-v3-800x450.png 800w, https:\/\/flosolutions.com\/es\/wp-content\/uploads\/sites\/3\/2020\/05\/Doug-Oliver-Blog-v3.png 901w\" sizes=\"auto, (max-width: 400px) 100vw, 400px\" \/><\/div><div class=\"w-post-elm post_taxonomy usg_post_taxonomy_1 style_badge color_link_inherit\"><span class=\"w-btn us-btn-style_badge term-2 term-blog\"><span class=\"w-btn-label\">Blog<\/span><\/span><\/div><div class=\"w-vwrapper usg_vwrapper_1 align_left valign_top\"><h2 class=\"w-post-elm post_title usg_post_title_1 entry-title color_link_inherit\">FloSolutions da la bienvenida a Doug Oliver (Hidrog\u00e9ologo Principal)<\/h2><div class=\"w-hwrapper usg_hwrapper_1 has_text_color align_left valign_top wrap\"><time class=\"w-post-elm post_date usg_post_date_1 entry-date published\" datetime=\"2020-05-13T22:34:07-05:00\" title=\"13 mayo 2020 a las 22:34:07 America\/Lima\">mayo 13, 2020<\/time><div class=\"w-post-elm post_comments usg_post_comments_1 layout_amount color_link_inherit\"><i class=\"far fa-comments\"><\/i>0<\/div><\/div><div class=\"w-post-elm post_content usg_post_content_1\">\u00a1Nos complace anunciar que Doug Oliver se ha unido al equipo de FloSolutions!. Doug tiene m\u00e1s de 25 a\u00f1os de&hellip;<\/div><\/div>\t\t<\/div>\r\n\t\t\t<\/article>\r\n\t<article class=\"w-grid-item size_1x1 post-8560 post type-post status-publish format-standard has-post-thumbnail hentry category-blog\" data-id=\"8560\">\r\n\t\t<div class=\"w-grid-item-h\">\r\n\t\t\t\t\t\t\t<a href=\"https:\/\/flosolutions.com\/es\/mining-within-a-maze\/\" class=\"w-grid-item-anchor\" aria-label=\"Mining within a maze\"><\/a>\r\n\t\t\t\t\t\t<div class=\"w-post-elm post_image usg_post_image_1 stretched\"><img loading=\"lazy\" decoding=\"async\" width=\"400\" height=\"225\" src=\"https:\/\/flosolutions.com\/es\/wp-content\/uploads\/sites\/3\/2020\/05\/Mining-within-a-maze-400x225.jpg\" class=\"attachment-us_400_225_crop size-us_400_225_crop wp-post-image\" alt=\"\" \/><\/div><div class=\"w-post-elm post_taxonomy usg_post_taxonomy_1 style_badge color_link_inherit\"><span class=\"w-btn us-btn-style_badge term-2 term-blog\"><span class=\"w-btn-label\">Blog<\/span><\/span><\/div><div class=\"w-vwrapper usg_vwrapper_1 align_left valign_top\"><h2 class=\"w-post-elm post_title usg_post_title_1 entry-title color_link_inherit\">Mining within a maze<\/h2><div class=\"w-hwrapper usg_hwrapper_1 has_text_color align_left valign_top wrap\"><time class=\"w-post-elm post_date usg_post_date_1 entry-date published\" datetime=\"2020-05-10T12:29:57-05:00\" title=\"10 mayo 2020 a las 12:29:57 America\/Lima\">mayo 10, 2020<\/time><div class=\"w-post-elm post_comments usg_post_comments_1 layout_amount color_link_inherit\"><i class=\"far fa-comments\"><\/i>0<\/div><\/div><div class=\"w-post-elm post_content usg_post_content_1\">Tennessee&#8217;s Blue Spring Cave. Courtesy of Chuck Sutherland Mining within a maze The complex process of extracting ore from karst&hellip;<\/div><\/div>\t\t<\/div>\r\n\t\t\t<\/article>\r\n<\/div>\t<div class=\"w-grid-preloader\">\r\n\t\t<div class=\"g-preloader type_1\">\r\n\t\t\t<div><\/div>\r\n\t\t<\/div>\r\n\t<\/div>\r\n\t\t<div class=\"w-grid-json hidden\" onclick='return {&quot;action&quot;:&quot;us_ajax_grid&quot;,&quot;infinite_scroll&quot;:0,&quot;max_num_pages&quot;:1,&quot;pagination&quot;:&quot;ajax&quot;,&quot;template_vars&quot;:{&quot;columns&quot;:&quot;3&quot;,&quot;exclude_items&quot;:&quot;none&quot;,&quot;img_size&quot;:&quot;default&quot;,&quot;ignore_items_size&quot;:0,&quot;items_layout&quot;:&quot;8173&quot;,&quot;items_offset&quot;:&quot;1&quot;,&quot;load_animation&quot;:&quot;none&quot;,&quot;overriding_link&quot;:&quot;%7B%22type%22%3A%22post%22%7D&quot;,&quot;post_id&quot;:8198,&quot;query_args&quot;:{&quot;post_type&quot;:[&quot;post&quot;],&quot;post_status&quot;:[&quot;publish&quot;,&quot;acf-disabled&quot;],&quot;posts_per_page&quot;:&quot;30&quot;},&quot;orderby_query_args&quot;:{&quot;orderby&quot;:{&quot;date&quot;:&quot;DESC&quot;}},&quot;type&quot;:&quot;grid&quot;,&quot;us_grid_post_type&quot;:&quot;post&quot;,&quot;us_grid_ajax_index&quot;:1,&quot;us_grid_filter_query_string&quot;:null,&quot;us_grid_index&quot;:1,&quot;page_args&quot;:[]}}'><\/div>\r\n\t<\/div><\/div><\/div><\/div><\/div><\/section>\n<\/div><\/div><\/div><\/div><\/section>\n","protected":false},"excerpt":{"rendered":"Tennessee's Blue Spring Cave. Courtesy of Chuck Sutherland Mining within a maze The complex process of extracting ore from karst By Ian Ewing (CIM Magazine) November 01, 2014 Water is one of the primary concerns in mining. Unless they are correctly managed, water inflows can destabilize pit slopes, flood underground mines and have a dramatic...","protected":false},"author":1,"featured_media":0,"parent":0,"menu_order":0,"comment_status":"closed","ping_status":"closed","template":"","meta":{"_acf_changed":false,"footnotes":""},"class_list":["post-7902","page","type-page","status-publish","hentry"],"acf":[],"_links":{"self":[{"href":"https:\/\/flosolutions.com\/es\/wp-json\/wp\/v2\/pages\/7902","targetHints":{"allow":["GET"]}}],"collection":[{"href":"https:\/\/flosolutions.com\/es\/wp-json\/wp\/v2\/pages"}],"about":[{"href":"https:\/\/flosolutions.com\/es\/wp-json\/wp\/v2\/types\/page"}],"author":[{"embeddable":true,"href":"https:\/\/flosolutions.com\/es\/wp-json\/wp\/v2\/users\/1"}],"replies":[{"embeddable":true,"href":"https:\/\/flosolutions.com\/es\/wp-json\/wp\/v2\/comments?post=7902"}],"version-history":[{"count":1,"href":"https:\/\/flosolutions.com\/es\/wp-json\/wp\/v2\/pages\/7902\/revisions"}],"predecessor-version":[{"id":8854,"href":"https:\/\/flosolutions.com\/es\/wp-json\/wp\/v2\/pages\/7902\/revisions\/8854"}],"wp:attachment":[{"href":"https:\/\/flosolutions.com\/es\/wp-json\/wp\/v2\/media?parent=7902"}],"curies":[{"name":"wp","href":"https:\/\/api.w.org\/{rel}","templated":true}]}}